{"id":204,"date":"2016-06-13T13:34:59","date_gmt":"2016-06-13T13:34:59","guid":{"rendered":"http:\/\/caboel.es\/wp-caboel\/ca\/mas-informacion-sobre-las-cookies\/"},"modified":"2016-08-02T09:15:10","modified_gmt":"2016-08-02T09:15:10","slug":"mas-informacion-sobre-las-cookies","status":"publish","type":"page","link":"https:\/\/caboel.es\/ca\/mas-informacion-sobre-las-cookies\/","title":{"rendered":"M\u00e9s informaci\u00f3 sobre les cookies"},"content":{"rendered":"<h2>Qu\u00e8 \u00e9s una cookie?<\/h2>\n<p>\n\tUna cookie \u00e9s un fitxer de text inofensiu que s\u2019emmagatzema en el seu navegador quan visita gaireb\u00e9 qualsevol p\u00e0gina web. La utilitat de la cookie  \u00e9s que la web sigui capa\u00e7 de recordar la seva visita quan torni a navegar per aquesta p\u00e0gina. Encara que molta gent no ho sap les cookies es porten utilitzant des de fa 20 anys, quan van apar\u00e8ixer els primers navegadors per la World Wide Web.\n<\/p>\n<h2>Qu\u00e8 NO \u00c9S una cookie?<\/h2>\n<p>\n\tNo \u00e9s un virus, ni un troj\u00e0, ni un cuc, ni spam, ni spyware, ni obre finestres pop-up.\n<\/p>\n<h2>Quina informaci\u00f3 emmagatzema una cookie?<\/h2>\n<p>\nLes cookies  no solen emmagatzemar informaci\u00f3 sensible sobre vost\u00e8, com a targetes de cr\u00e8dit o dades banc\u00e0ries, fotografies, el seu DNI o informaci\u00f3 personal, etc. Les dades que guarden s\u00f3n de car\u00e0cter t\u00e8cnic, prefer\u00e8ncies personals, personalitzaci\u00f3 de continguts, etc.\n<\/p>\n<p>\nEl servidor web no li associa a vost\u00e8 com a persona si no al seu navegador web. De fet, si vost\u00e8 navega habitualment amb Internet Explorer i prova a navegar per la mateixa web amb Firefox o Chrome veur\u00e0 que la web no s\u2019adona que \u00e9s vost\u00e8 la mateixa persona perqu\u00e8 en realitat est\u00e0 associant al navegador, no a la persona.<\/p>\n<h2>Quin tipus de cookies existeixen?<\/h2>\n<ul>\n<li>Cookies t\u00e8cniques: S\u00f3n les m\u00e9s elementals i permeten, entre altres coses, saber quan est\u00e0 navegant un hum\u00e0 o una aplicaci\u00f3 automatitzada, quan navega un usuari an\u00f2nim i un registrat, tasques b\u00e0siques per al funcionament de qualsevol web din\u00e0mica.<\/li>\n<li>Cookies d\u2019an\u00e0lisi: Recullen informaci\u00f3 sobre el tipus de navegaci\u00f3 que est\u00e0 realitzant, les seccions que m\u00e9s utilitza, productes consultats, franja hor\u00e0ria d\u2019\u00fas, idioma, etc.<\/li>\n<li>Cookies publicit\u00e0ries: Mostren publicitat en funci\u00f3 de la seva navegaci\u00f3, el seu pa\u00eds de proced\u00e8ncia, idioma, etc.<\/li>\n<\/ul>\n<h2>Qu\u00e8 s\u00f3n les cookies pr\u00f2pies i les de tercers?<\/h2>\n<p>\nLes cookies pr\u00f2pies s\u00f3n les generades per la p\u00e0gina que est\u00e0 visitant i les de tercers s\u00f3n les generades per serveis o prove\u00efdors externs com Facebook, Twitter, Google, etc.\n<\/p>\n<h2>Qu\u00e8 ocorre si desactivo les cookies?<\/h2>\n<p>\n\tPerqu\u00e8 entengui l\u2019abast que pot tenir desactivar les cookies  li mostrem uns  exemples:<\/p>\n<ul>\n<li>No podr\u00e0 compartir continguts d\u2019aquesta web en Facebook, Twitter o qualsevol altra xarxa social.<\/li>\n<li>El lloc web no podr\u00e0 adaptar els continguts a les seves prefer\u00e8ncies personals, com sol passar en les botigues online.<\/li>\n<li>No podr\u00e0 accedir a l\u2019\u00e0rea personal d\u2019aquesta web, com per exemple El meu compte, o El meu perfil o Les meves comandes.<\/li>\n<li>Botigues online: Li ser\u00e0 impossible realitzar compres online, hauran de ser telef\u00f2niques o visitant la tenda f\u00edsica si \u00e9s que disposa d\u2019ella.<\/li>\n<li>No ser\u00e0 possible personalitzar les seves prefer\u00e8ncies geogr\u00e0fiques com a franja hor\u00e0ria, divisa o idioma.<\/li>\n<li>El lloc web no podr\u00e0 realitzar anal\u00edtiques web sobre visitants i tr\u00e0fic en la web, la qual cosa dificultar\u00e0 que la web sigui competitiva.<\/li>\n<li>No podr\u00e0 escriure en el blog, no podr\u00e0 pujar fotos, publicar comentaris, valorar o puntuar continguts. La web tampoc podr\u00e0 saber si vost\u00e8 \u00e9s un hum\u00e0 o una aplicaci\u00f3 automatitzada que publica spam.<\/li>\n<li>No es podr\u00e0 mostrar publicitat sectorizada, al que reduir\u00e0 els ingressos publicitaris de la web.<\/li>\n<li>Totes les xarxes socials fan servir cookies, si les desactiva no podr\u00e0 utilitzar cap xarxa socia.<\/li>\n<\/ul>\n<h2>Es poden eliminar les cookies?<\/h2>\n<p>\n\tSi. No nom\u00e9s eliminar, tamb\u00e9 bloquejar, de forma general o particular per a un domini espec\u00edfic.<br \/>\nPer eliminar les cookies d\u2019un lloc web ha d\u2019anar a la configuraci\u00f3 del seu navegador i all\u00e0 podr\u00e0 buscar les associades al domini en q\u00fcesti\u00f3 i procedir a la seva eliminaci\u00f3.<\/p>\n<h2 id=\"navegadores\"Configuraci\u00f3 de cookies per als navegadors m\u00e9s populars<\/h2>\n<p>\n\tA continuaci\u00f3 li indiquem com accedir a una cookie  determinada del navegador Chrome. Nota: aquests passos poden variar en funci\u00f3 de la versi\u00f3 del navegador:<\/p>\n<ol>\n<li>Aneu a Configuraci\u00f3 o Prefer\u00e8ncies mitjan\u00e7ant el men\u00fa Fitxer o b\u00e9 clicant la icona de personalitzaci\u00f3 que apareix a dalt a la dreta.<\/li>\n<li>Veur\u00e0 diferents seccions, premi l\u2019opci\u00f3 Mostra opcions avan\u00e7ades.<\/li>\n<li>Aneu a Privacitat, Configuraci\u00f3 de contingut..<\/li>\n<li>Seleccioneu Totes les cookies i dades del lloc.<\/li>\n<li>Apareixer\u00e0 un llistat amb totes les cookies ordenades per domini. Perqu\u00e8 li sigui m\u00e9s f\u00e0cil trobar les cookies d\u2019un determinat domini introdueixi parcialment o totalment la direcci\u00f3 al camp Cerca cookies.<\/li>\n<li>Despr\u00e9s de realitzar aquest filtre apareixeran en pantalla una o diverses l\u00ednies amb les cookies de la web sol\u00b7licitada. Ara nom\u00e9s ha de seleccionar-la i pr\u00e9mer la X per procedir a la seva eliminaci\u00f3.<\/li>\n<\/ol>\n<p>\n\tPer accedir a la configuraci\u00f3 de cookies del navegador Internet Explorer segueixi aquests passos <\/p>\n<ol>\n<li>Vagi a Eines, Opcions d\u2019Internet<\/li>\n<li>Faci clic en Privadesa.<\/li>\n<li>En Historial tri\u00ef Usar una configuraci\u00f3 personalitzada per a l\u2019historial..<\/li>\n<\/ol>\n<p>\n\tPer accedir a la configuraci\u00f3 de cookies del navegador Safari per OSX segueixi aquests passos (poden variar en funci\u00f3 de la versi\u00f3 del navegador):<\/p>\n<ol>\n<li>Vagi a Prefer\u00e8ncies, despr\u00e9s Privadesa.<\/li>\n<li>En aquest lloc veur\u00e0 l\u2019opci\u00f3 Bloquejar cookies  perqu\u00e8 ajusti el tipus de bloqueig que desitja realitzar.<\/li>\n<\/ol>\n<p>\nPer accedir a la configuraci\u00f3 de cookies del navegador Safari per iOS segueixi aquests passos (poden variar en funci\u00f3 de la versi\u00f3 del navegador):<\/p>\n<ol>\n<li>Vagi a Ajustos, despr\u00e9s Safari.<\/li>\n<li>Vagi a Privadesa i Seguretat, veur\u00e0 l\u2019opci\u00f3 Bloquejar cookies perqu\u00e8 ajusti el tipus de bloqueig que desitja realitzar.<\/li>\n<\/ol>\n<p>\nPer accedir a la configuraci\u00f3 de cookies del navegador per a dispositius Android segueixi aquests passos (poden variar en funci\u00f3 de la versi\u00f3 del navegador):<\/p>\n<ol>\n<li>Executi el navegador i premi la tecla Men\u00fa, despr\u00e9s Ajustos.<\/li>\n<li>Vagi a Seguretat i Privadesa, veur\u00e0 l\u2019opci\u00f3 Acceptar cookies  perqu\u00e8 activi o desactivi la casella.<\/li>\n<\/ol>\n<p>\n\tPer accedir a la configuraci\u00f3 de cookies del navegador per a dispositius Windows Phone segueixi aquests passos (poden variar en funci\u00f3 de la versi\u00f3 del navegador):<\/p>\n<ol>\n<li>Obri Internet Explorer, despr\u00e9s M\u00e9s, despr\u00e9s Configuraci\u00f3<\/li>\n<li>Ara pot activar o desactivar la casella Permetre cookies<\/li>\n<\/ol>\n","protected":false},"excerpt":{"rendered":"<p>Qu\u00e8 \u00e9s una cookie? Una cookie \u00e9s un fitxer de text inofensiu que s\u2019emmagatzema en el seu navegador quan visita gaireb\u00e9 qualsevol p\u00e0gina web. La utilitat de la cookie \u00e9s que la web sigui capa\u00e7 de recordar la seva visita quan torni a navegar per aquesta p\u00e0gina. Encara que molta gent no ho sap les&#8230;  <a class=\"excerpt-read-more\" href=\"https:\/\/caboel.es\/ca\/mas-informacion-sobre-las-cookies\/\" title=\"Read M\u00e9s informaci\u00f3 sobre les cookies\">Read more &raquo;<\/a><\/p>\n","protected":false},"author":6,"featured_media":0,"parent":0,"menu_order":6,"comment_status":"closed","ping_status":"closed","template":"","meta":{"footnotes":""},"class_list":["post-204","page","type-page","status-publish","hentry"],"yoast_head":"<!-- This site is optimized with the Yoast SEO plugin v27.5 - https:\/\/yoast.com\/product\/yoast-seo-wordpress\/ -->\n<title>M\u00e9s informaci\u00f3 sobre les cookies - Caboel<\/title>\n<meta name=\"robots\" content=\"index, follow, max-snippet:-1, max-image-preview:large, max-video-preview:-1\" \/>\n<link rel=\"canonical\" href=\"https:\/\/caboel.es\/ca\/mas-informacion-sobre-las-cookies\/\" \/>\n<meta property=\"og:locale\" content=\"ca_ES\" \/>\n<meta property=\"og:type\" content=\"article\" \/>\n<meta property=\"og:title\" content=\"M\u00e9s informaci\u00f3 sobre les cookies - Caboel\" \/>\n<meta property=\"og:description\" content=\"Qu\u00e8 \u00e9s una cookie? Una cookie \u00e9s un fitxer de text inofensiu que s\u2019emmagatzema en el seu navegador quan visita gaireb\u00e9 qualsevol p\u00e0gina web. La utilitat de la cookie \u00e9s que la web sigui capa\u00e7 de recordar la seva visita quan torni a navegar per aquesta p\u00e0gina. Encara que molta gent no ho sap les... Read more &raquo;\" \/>\n<meta property=\"og:url\" content=\"https:\/\/caboel.es\/ca\/mas-informacion-sobre-las-cookies\/\" \/>\n<meta property=\"og:site_name\" content=\"Caboel\" \/>\n<meta property=\"article:modified_time\" content=\"2016-08-02T09:15:10+00:00\" \/>\n<meta property=\"og:image\" content=\"http:\/\/caboel.es\/wp-caboel\/wp-content\/uploads\/2016\/09\/logo-caboel-xarxes-1.png\" \/>\n<meta name=\"twitter:card\" content=\"summary_large_image\" \/>\n<meta name=\"twitter:label1\" content=\"Est. reading time\" \/>\n\t<meta name=\"twitter:data1\" content=\"3 minutes\" \/>\n<script type=\"application\/ld+json\" class=\"yoast-schema-graph\">{\"@context\":\"https:\\\/\\\/schema.org\",\"@graph\":[{\"@type\":\"WebPage\",\"@id\":\"https:\\\/\\\/caboel.es\\\/ca\\\/mas-informacion-sobre-las-cookies\\\/\",\"url\":\"https:\\\/\\\/caboel.es\\\/ca\\\/mas-informacion-sobre-las-cookies\\\/\",\"name\":\"M\u00e9s informaci\u00f3 sobre les cookies - Caboel\",\"isPartOf\":{\"@id\":\"https:\\\/\\\/caboel.es\\\/ca\\\/#website\"},\"datePublished\":\"2016-06-13T13:34:59+00:00\",\"dateModified\":\"2016-08-02T09:15:10+00:00\",\"breadcrumb\":{\"@id\":\"https:\\\/\\\/caboel.es\\\/ca\\\/mas-informacion-sobre-las-cookies\\\/#breadcrumb\"},\"inLanguage\":\"ca\",\"potentialAction\":[{\"@type\":\"ReadAction\",\"target\":[\"https:\\\/\\\/caboel.es\\\/ca\\\/mas-informacion-sobre-las-cookies\\\/\"]}]},{\"@type\":\"BreadcrumbList\",\"@id\":\"https:\\\/\\\/caboel.es\\\/ca\\\/mas-informacion-sobre-las-cookies\\\/#breadcrumb\",\"itemListElement\":[{\"@type\":\"ListItem\",\"position\":1,\"name\":\"Portada\",\"item\":\"https:\\\/\\\/caboel.es\\\/ca\\\/\"},{\"@type\":\"ListItem\",\"position\":2,\"name\":\"M\u00e9s informaci\u00f3 sobre les cookies\"}]},{\"@type\":\"WebSite\",\"@id\":\"https:\\\/\\\/caboel.es\\\/ca\\\/#website\",\"url\":\"https:\\\/\\\/caboel.es\\\/ca\\\/\",\"name\":\"Caboel\",\"description\":\"\",\"potentialAction\":[{\"@type\":\"SearchAction\",\"target\":{\"@type\":\"EntryPoint\",\"urlTemplate\":\"https:\\\/\\\/caboel.es\\\/ca\\\/?s={search_term_string}\"},\"query-input\":{\"@type\":\"PropertyValueSpecification\",\"valueRequired\":true,\"valueName\":\"search_term_string\"}}],\"inLanguage\":\"ca\"}]}<\/script>\n<!-- \/ Yoast SEO plugin. -->","yoast_head_json":{"title":"M\u00e9s informaci\u00f3 sobre les cookies - Caboel","robots":{"index":"index","follow":"follow","max-snippet":"max-snippet:-1","max-image-preview":"max-image-preview:large","max-video-preview":"max-video-preview:-1"},"canonical":"https:\/\/caboel.es\/ca\/mas-informacion-sobre-las-cookies\/","og_locale":"ca_ES","og_type":"article","og_title":"M\u00e9s informaci\u00f3 sobre les cookies - Caboel","og_description":"Qu\u00e8 \u00e9s una cookie? Una cookie \u00e9s un fitxer de text inofensiu que s\u2019emmagatzema en el seu navegador quan visita gaireb\u00e9 qualsevol p\u00e0gina web. La utilitat de la cookie \u00e9s que la web sigui capa\u00e7 de recordar la seva visita quan torni a navegar per aquesta p\u00e0gina. Encara que molta gent no ho sap les... Read more &raquo;","og_url":"https:\/\/caboel.es\/ca\/mas-informacion-sobre-las-cookies\/","og_site_name":"Caboel","article_modified_time":"2016-08-02T09:15:10+00:00","og_image":[{"url":"http:\/\/caboel.es\/wp-caboel\/wp-content\/uploads\/2016\/09\/logo-caboel-xarxes-1.png","type":"","width":"","height":""}],"twitter_card":"summary_large_image","twitter_misc":{"Est. reading time":"3 minutes"},"schema":{"@context":"https:\/\/schema.org","@graph":[{"@type":"WebPage","@id":"https:\/\/caboel.es\/ca\/mas-informacion-sobre-las-cookies\/","url":"https:\/\/caboel.es\/ca\/mas-informacion-sobre-las-cookies\/","name":"M\u00e9s informaci\u00f3 sobre les cookies - Caboel","isPartOf":{"@id":"https:\/\/caboel.es\/ca\/#website"},"datePublished":"2016-06-13T13:34:59+00:00","dateModified":"2016-08-02T09:15:10+00:00","breadcrumb":{"@id":"https:\/\/caboel.es\/ca\/mas-informacion-sobre-las-cookies\/#breadcrumb"},"inLanguage":"ca","potentialAction":[{"@type":"ReadAction","target":["https:\/\/caboel.es\/ca\/mas-informacion-sobre-las-cookies\/"]}]},{"@type":"BreadcrumbList","@id":"https:\/\/caboel.es\/ca\/mas-informacion-sobre-las-cookies\/#breadcrumb","itemListElement":[{"@type":"ListItem","position":1,"name":"Portada","item":"https:\/\/caboel.es\/ca\/"},{"@type":"ListItem","position":2,"name":"M\u00e9s informaci\u00f3 sobre les cookies"}]},{"@type":"WebSite","@id":"https:\/\/caboel.es\/ca\/#website","url":"https:\/\/caboel.es\/ca\/","name":"Caboel","description":"","potentialAction":[{"@type":"SearchAction","target":{"@type":"EntryPoint","urlTemplate":"https:\/\/caboel.es\/ca\/?s={search_term_string}"},"query-input":{"@type":"PropertyValueSpecification","valueRequired":true,"valueName":"search_term_string"}}],"inLanguage":"ca"}]}},"_links":{"self":[{"href":"https:\/\/caboel.es\/ca\/wp-json\/wp\/v2\/pages\/204","targetHints":{"allow":["GET"]}}],"collection":[{"href":"https:\/\/caboel.es\/ca\/wp-json\/wp\/v2\/pages"}],"about":[{"href":"https:\/\/caboel.es\/ca\/wp-json\/wp\/v2\/types\/page"}],"author":[{"embeddable":true,"href":"https:\/\/caboel.es\/ca\/wp-json\/wp\/v2\/users\/6"}],"replies":[{"embeddable":true,"href":"https:\/\/caboel.es\/ca\/wp-json\/wp\/v2\/comments?post=204"}],"version-history":[{"count":5,"href":"https:\/\/caboel.es\/ca\/wp-json\/wp\/v2\/pages\/204\/revisions"}],"predecessor-version":[{"id":409,"href":"https:\/\/caboel.es\/ca\/wp-json\/wp\/v2\/pages\/204\/revisions\/409"}],"wp:attachment":[{"href":"https:\/\/caboel.es\/ca\/wp-json\/wp\/v2\/media?parent=204"}],"curies":[{"name":"wp","href":"https:\/\/api.w.org\/{rel}","templated":true}]}}