{"id":376,"date":"2016-05-25T16:35:43","date_gmt":"2016-05-25T16:35:43","guid":{"rendered":"http:\/\/caboel.es\/wp-caboel\/ca\/proyectos\/"},"modified":"2016-08-31T11:38:15","modified_gmt":"2016-08-31T11:38:15","slug":"projectes","status":"publish","type":"page","link":"https:\/\/caboel.es\/ca\/projectes\/","title":{"rendered":"Projectes"},"content":{"rendered":"<h5>Preocupaci\u00f3 per mantenir els nostres actius i anticipar-nos a les tend\u00e8ncies de mercat.<\/h5>\n<p>El manteniment del valor d\u2019una cartera immobili\u00e0ria exigeix estar molt atents a les exig\u00e8ncies del nostres clients. L\u2019actualitzaci\u00f3 i la renovaci\u00f3 constants ens permeten disposar d\u2019un producte sostenible i adequat a les exig\u00e8ncies del mercat. En aquest sentit, aquestes s\u00f3n algunes de les nostres \u00faltimes actuacions.<\/p>\n","protected":false},"excerpt":{"rendered":"<p>Preocupaci\u00f3 per mantenir els nostres actius i anticipar-nos a les tend\u00e8ncies de mercat. El manteniment del valor d\u2019una cartera immobili\u00e0ria exigeix estar molt atents a les exig\u00e8ncies del nostres clients. L\u2019actualitzaci\u00f3 i la renovaci\u00f3 constants ens permeten disposar d\u2019un producte sostenible i adequat a les exig\u00e8ncies del mercat. En aquest sentit, aquestes s\u00f3n algunes de&#8230;  <a class=\"excerpt-read-more\" href=\"https:\/\/caboel.es\/ca\/projectes\/\" title=\"Read Projectes\">Read more &raquo;<\/a><\/p>\n","protected":false},"author":6,"featured_media":0,"parent":0,"menu_order":27,"comment_status":"closed","ping_status":"closed","template":"page-proyectos.php","meta":{"footnotes":""},"class_list":["post-376","page","type-page","status-publish","hentry"],"yoast_head":"<!-- This site is optimized with the Yoast SEO plugin v27.4 - https:\/\/yoast.com\/product\/yoast-seo-wordpress\/ -->\n<title>Projectes - Caboel<\/title>\n<meta name=\"robots\" content=\"index, follow, max-snippet:-1, max-image-preview:large, max-video-preview:-1\" \/>\n<link rel=\"canonical\" href=\"https:\/\/caboel.es\/ca\/projectes\/\" \/>\n<meta property=\"og:locale\" content=\"ca_ES\" \/>\n<meta property=\"og:type\" content=\"article\" \/>\n<meta property=\"og:title\" content=\"Projectes - Caboel\" \/>\n<meta property=\"og:description\" content=\"Preocupaci\u00f3 per mantenir els nostres actius i anticipar-nos a les tend\u00e8ncies de mercat. El manteniment del valor d\u2019una cartera immobili\u00e0ria exigeix estar molt atents a les exig\u00e8ncies del nostres clients. L\u2019actualitzaci\u00f3 i la renovaci\u00f3 constants ens permeten disposar d\u2019un producte sostenible i adequat a les exig\u00e8ncies del mercat. En aquest sentit, aquestes s\u00f3n algunes de... Read more &raquo;\" \/>\n<meta property=\"og:url\" content=\"https:\/\/caboel.es\/ca\/projectes\/\" \/>\n<meta property=\"og:site_name\" content=\"Caboel\" \/>\n<meta property=\"article:modified_time\" content=\"2016-08-31T11:38:15+00:00\" \/>\n<meta property=\"og:image\" content=\"http:\/\/caboel.es\/wp-caboel\/wp-content\/uploads\/2016\/09\/logo-caboel-xarxes-1.png\" \/>\n<meta name=\"twitter:card\" content=\"summary_large_image\" \/>\n<script type=\"application\/ld+json\" class=\"yoast-schema-graph\">{\"@context\":\"https:\\\/\\\/schema.org\",\"@graph\":[{\"@type\":\"WebPage\",\"@id\":\"https:\\\/\\\/caboel.es\\\/ca\\\/projectes\\\/\",\"url\":\"https:\\\/\\\/caboel.es\\\/ca\\\/projectes\\\/\",\"name\":\"Projectes - Caboel\",\"isPartOf\":{\"@id\":\"https:\\\/\\\/caboel.es\\\/ca\\\/#website\"},\"datePublished\":\"2016-05-25T16:35:43+00:00\",\"dateModified\":\"2016-08-31T11:38:15+00:00\",\"breadcrumb\":{\"@id\":\"https:\\\/\\\/caboel.es\\\/ca\\\/projectes\\\/#breadcrumb\"},\"inLanguage\":\"ca\",\"potentialAction\":[{\"@type\":\"ReadAction\",\"target\":[\"https:\\\/\\\/caboel.es\\\/ca\\\/projectes\\\/\"]}]},{\"@type\":\"BreadcrumbList\",\"@id\":\"https:\\\/\\\/caboel.es\\\/ca\\\/projectes\\\/#breadcrumb\",\"itemListElement\":[{\"@type\":\"ListItem\",\"position\":1,\"name\":\"Portada\",\"item\":\"https:\\\/\\\/caboel.es\\\/ca\\\/\"},{\"@type\":\"ListItem\",\"position\":2,\"name\":\"Projectes\"}]},{\"@type\":\"WebSite\",\"@id\":\"https:\\\/\\\/caboel.es\\\/ca\\\/#website\",\"url\":\"https:\\\/\\\/caboel.es\\\/ca\\\/\",\"name\":\"Caboel\",\"description\":\"\",\"potentialAction\":[{\"@type\":\"SearchAction\",\"target\":{\"@type\":\"EntryPoint\",\"urlTemplate\":\"https:\\\/\\\/caboel.es\\\/ca\\\/?s={search_term_string}\"},\"query-input\":{\"@type\":\"PropertyValueSpecification\",\"valueRequired\":true,\"valueName\":\"search_term_string\"}}],\"inLanguage\":\"ca\"}]}<\/script>\n<!-- \/ Yoast SEO plugin. -->","yoast_head_json":{"title":"Projectes - Caboel","robots":{"index":"index","follow":"follow","max-snippet":"max-snippet:-1","max-image-preview":"max-image-preview:large","max-video-preview":"max-video-preview:-1"},"canonical":"https:\/\/caboel.es\/ca\/projectes\/","og_locale":"ca_ES","og_type":"article","og_title":"Projectes - Caboel","og_description":"Preocupaci\u00f3 per mantenir els nostres actius i anticipar-nos a les tend\u00e8ncies de mercat. El manteniment del valor d\u2019una cartera immobili\u00e0ria exigeix estar molt atents a les exig\u00e8ncies del nostres clients. L\u2019actualitzaci\u00f3 i la renovaci\u00f3 constants ens permeten disposar d\u2019un producte sostenible i adequat a les exig\u00e8ncies del mercat. En aquest sentit, aquestes s\u00f3n algunes de... Read more &raquo;","og_url":"https:\/\/caboel.es\/ca\/projectes\/","og_site_name":"Caboel","article_modified_time":"2016-08-31T11:38:15+00:00","og_image":[{"url":"http:\/\/caboel.es\/wp-caboel\/wp-content\/uploads\/2016\/09\/logo-caboel-xarxes-1.png","type":"","width":"","height":""}],"twitter_card":"summary_large_image","schema":{"@context":"https:\/\/schema.org","@graph":[{"@type":"WebPage","@id":"https:\/\/caboel.es\/ca\/projectes\/","url":"https:\/\/caboel.es\/ca\/projectes\/","name":"Projectes - Caboel","isPartOf":{"@id":"https:\/\/caboel.es\/ca\/#website"},"datePublished":"2016-05-25T16:35:43+00:00","dateModified":"2016-08-31T11:38:15+00:00","breadcrumb":{"@id":"https:\/\/caboel.es\/ca\/projectes\/#breadcrumb"},"inLanguage":"ca","potentialAction":[{"@type":"ReadAction","target":["https:\/\/caboel.es\/ca\/projectes\/"]}]},{"@type":"BreadcrumbList","@id":"https:\/\/caboel.es\/ca\/projectes\/#breadcrumb","itemListElement":[{"@type":"ListItem","position":1,"name":"Portada","item":"https:\/\/caboel.es\/ca\/"},{"@type":"ListItem","position":2,"name":"Projectes"}]},{"@type":"WebSite","@id":"https:\/\/caboel.es\/ca\/#website","url":"https:\/\/caboel.es\/ca\/","name":"Caboel","description":"","potentialAction":[{"@type":"SearchAction","target":{"@type":"EntryPoint","urlTemplate":"https:\/\/caboel.es\/ca\/?s={search_term_string}"},"query-input":{"@type":"PropertyValueSpecification","valueRequired":true,"valueName":"search_term_string"}}],"inLanguage":"ca"}]}},"_links":{"self":[{"href":"https:\/\/caboel.es\/ca\/wp-json\/wp\/v2\/pages\/376","targetHints":{"allow":["GET"]}}],"collection":[{"href":"https:\/\/caboel.es\/ca\/wp-json\/wp\/v2\/pages"}],"about":[{"href":"https:\/\/caboel.es\/ca\/wp-json\/wp\/v2\/types\/page"}],"author":[{"embeddable":true,"href":"https:\/\/caboel.es\/ca\/wp-json\/wp\/v2\/users\/6"}],"replies":[{"embeddable":true,"href":"https:\/\/caboel.es\/ca\/wp-json\/wp\/v2\/comments?post=376"}],"version-history":[{"count":5,"href":"https:\/\/caboel.es\/ca\/wp-json\/wp\/v2\/pages\/376\/revisions"}],"predecessor-version":[{"id":485,"href":"https:\/\/caboel.es\/ca\/wp-json\/wp\/v2\/pages\/376\/revisions\/485"}],"wp:attachment":[{"href":"https:\/\/caboel.es\/ca\/wp-json\/wp\/v2\/media?parent=376"}],"curies":[{"name":"wp","href":"https:\/\/api.w.org\/{rel}","templated":true}]}}