{"id":399,"date":"2016-08-01T08:43:12","date_gmt":"2016-08-01T08:43:12","guid":{"rendered":"http:\/\/caboel.es\/wp-caboel\/ca\/?page_id=399"},"modified":"2016-09-02T07:00:40","modified_gmt":"2016-09-02T07:00:40","slug":"avis-legal","status":"publish","type":"page","link":"https:\/\/caboel.es\/ca\/avis-legal\/","title":{"rendered":"Av\u00eds legal"},"content":{"rendered":"<p>1. Informaci\u00f3 relativa al compliment article 10 LSSICE<br \/>\nTitular de la web: Caboel S.L.<br \/>\nAdre\u00e7a: c\/ Josep Irla i Bosch 1-3, 7\u00aa Planta. 08034 Barcelona. Telf: 93 205 81 96<\/p>\n<p>2. Propietat Intelectual i responsabilitat sobre els continguts<br \/>\n&#8211; 2.1 Queda prohibit qualsevol \u00fas de tots els continguts de la p\u00e0gina web, concretament sobre els textos, disseny i codi font, sense l&#8217;autoritzaci\u00f3 expressa dels seus titulars. Qualsevol \u00fas no perm\u00e8s ser\u00e0 degudament perseguit pels lleg\u00edtims propietari.<br \/>\n&#8211; 2.2 El titular de la p\u00e0gina web no es fa responsable dels continguts als que es dirigeixen els enlla\u00e7os quee hi s\u00f3n ubicats, segons el que estableix l&#8217;article 17 de la LSSICE.<br \/>\n3. Legislaci\u00f3 aplicable i jurisdicci\u00f3 competent<\/p>\n<p>Les presents condicions d&#8217;\u00fas resten subjectes a l&#8217;establert a les lleis espanyoles, per a qualsevol conflicte derivat de la seva interpretaci\u00f3, les parts es sobmeten a la jurisdicci\u00f3 dels Tribunals de la ciutat de Barcelona<\/p>\n","protected":false},"excerpt":{"rendered":"<p>1. Informaci\u00f3 relativa al compliment article 10 LSSICE Titular de la web: Caboel S.L. Adre\u00e7a: c\/ Josep Irla i Bosch 1-3, 7\u00aa Planta. 08034 Barcelona. Telf: 93 205 81 96 2. Propietat Intelectual i responsabilitat sobre els continguts &#8211; 2.1 Queda prohibit qualsevol \u00fas de tots els continguts de la p\u00e0gina web, concretament sobre els&#8230;  <a class=\"excerpt-read-more\" href=\"https:\/\/caboel.es\/ca\/avis-legal\/\" title=\"Read Av\u00eds legal\">Read more &raquo;<\/a><\/p>\n","protected":false},"author":6,"featured_media":0,"parent":0,"menu_order":12,"comment_status":"closed","ping_status":"closed","template":"","meta":{"footnotes":""},"class_list":["post-399","page","type-page","status-publish","hentry"],"yoast_head":"<!-- This site is optimized with the Yoast SEO plugin v27.4 - https:\/\/yoast.com\/product\/yoast-seo-wordpress\/ -->\n<title>Av\u00eds legal - Caboel<\/title>\n<meta name=\"robots\" content=\"index, follow, max-snippet:-1, max-image-preview:large, max-video-preview:-1\" \/>\n<link rel=\"canonical\" href=\"https:\/\/caboel.es\/ca\/avis-legal\/\" \/>\n<meta property=\"og:locale\" content=\"ca_ES\" \/>\n<meta property=\"og:type\" content=\"article\" \/>\n<meta property=\"og:title\" content=\"Av\u00eds legal - Caboel\" \/>\n<meta property=\"og:description\" content=\"1. Informaci\u00f3 relativa al compliment article 10 LSSICE Titular de la web: Caboel S.L. Adre\u00e7a: c\/ Josep Irla i Bosch 1-3, 7\u00aa Planta. 08034 Barcelona. Telf: 93 205 81 96 2. Propietat Intelectual i responsabilitat sobre els continguts &#8211; 2.1 Queda prohibit qualsevol \u00fas de tots els continguts de la p\u00e0gina web, concretament sobre els... Read more &raquo;\" \/>\n<meta property=\"og:url\" content=\"https:\/\/caboel.es\/ca\/avis-legal\/\" \/>\n<meta property=\"og:site_name\" content=\"Caboel\" \/>\n<meta property=\"article:modified_time\" content=\"2016-09-02T07:00:40+00:00\" \/>\n<meta property=\"og:image\" content=\"http:\/\/caboel.es\/wp-caboel\/wp-content\/uploads\/2016\/09\/logo-caboel-xarxes-1.png\" \/>\n<meta name=\"twitter:card\" content=\"summary_large_image\" \/>\n<meta name=\"twitter:label1\" content=\"Est. reading time\" \/>\n\t<meta name=\"twitter:data1\" content=\"1 minute\" \/>\n<script type=\"application\/ld+json\" class=\"yoast-schema-graph\">{\"@context\":\"https:\\\/\\\/schema.org\",\"@graph\":[{\"@type\":\"WebPage\",\"@id\":\"https:\\\/\\\/caboel.es\\\/ca\\\/avis-legal\\\/\",\"url\":\"https:\\\/\\\/caboel.es\\\/ca\\\/avis-legal\\\/\",\"name\":\"Av\u00eds legal - Caboel\",\"isPartOf\":{\"@id\":\"https:\\\/\\\/caboel.es\\\/ca\\\/#website\"},\"datePublished\":\"2016-08-01T08:43:12+00:00\",\"dateModified\":\"2016-09-02T07:00:40+00:00\",\"breadcrumb\":{\"@id\":\"https:\\\/\\\/caboel.es\\\/ca\\\/avis-legal\\\/#breadcrumb\"},\"inLanguage\":\"ca\",\"potentialAction\":[{\"@type\":\"ReadAction\",\"target\":[\"https:\\\/\\\/caboel.es\\\/ca\\\/avis-legal\\\/\"]}]},{\"@type\":\"BreadcrumbList\",\"@id\":\"https:\\\/\\\/caboel.es\\\/ca\\\/avis-legal\\\/#breadcrumb\",\"itemListElement\":[{\"@type\":\"ListItem\",\"position\":1,\"name\":\"Portada\",\"item\":\"https:\\\/\\\/caboel.es\\\/ca\\\/\"},{\"@type\":\"ListItem\",\"position\":2,\"name\":\"Av\u00eds legal\"}]},{\"@type\":\"WebSite\",\"@id\":\"https:\\\/\\\/caboel.es\\\/ca\\\/#website\",\"url\":\"https:\\\/\\\/caboel.es\\\/ca\\\/\",\"name\":\"Caboel\",\"description\":\"\",\"potentialAction\":[{\"@type\":\"SearchAction\",\"target\":{\"@type\":\"EntryPoint\",\"urlTemplate\":\"https:\\\/\\\/caboel.es\\\/ca\\\/?s={search_term_string}\"},\"query-input\":{\"@type\":\"PropertyValueSpecification\",\"valueRequired\":true,\"valueName\":\"search_term_string\"}}],\"inLanguage\":\"ca\"}]}<\/script>\n<!-- \/ Yoast SEO plugin. -->","yoast_head_json":{"title":"Av\u00eds legal - Caboel","robots":{"index":"index","follow":"follow","max-snippet":"max-snippet:-1","max-image-preview":"max-image-preview:large","max-video-preview":"max-video-preview:-1"},"canonical":"https:\/\/caboel.es\/ca\/avis-legal\/","og_locale":"ca_ES","og_type":"article","og_title":"Av\u00eds legal - Caboel","og_description":"1. Informaci\u00f3 relativa al compliment article 10 LSSICE Titular de la web: Caboel S.L. Adre\u00e7a: c\/ Josep Irla i Bosch 1-3, 7\u00aa Planta. 08034 Barcelona. Telf: 93 205 81 96 2. Propietat Intelectual i responsabilitat sobre els continguts &#8211; 2.1 Queda prohibit qualsevol \u00fas de tots els continguts de la p\u00e0gina web, concretament sobre els... Read more &raquo;","og_url":"https:\/\/caboel.es\/ca\/avis-legal\/","og_site_name":"Caboel","article_modified_time":"2016-09-02T07:00:40+00:00","og_image":[{"url":"http:\/\/caboel.es\/wp-caboel\/wp-content\/uploads\/2016\/09\/logo-caboel-xarxes-1.png","type":"","width":"","height":""}],"twitter_card":"summary_large_image","twitter_misc":{"Est. reading time":"1 minute"},"schema":{"@context":"https:\/\/schema.org","@graph":[{"@type":"WebPage","@id":"https:\/\/caboel.es\/ca\/avis-legal\/","url":"https:\/\/caboel.es\/ca\/avis-legal\/","name":"Av\u00eds legal - Caboel","isPartOf":{"@id":"https:\/\/caboel.es\/ca\/#website"},"datePublished":"2016-08-01T08:43:12+00:00","dateModified":"2016-09-02T07:00:40+00:00","breadcrumb":{"@id":"https:\/\/caboel.es\/ca\/avis-legal\/#breadcrumb"},"inLanguage":"ca","potentialAction":[{"@type":"ReadAction","target":["https:\/\/caboel.es\/ca\/avis-legal\/"]}]},{"@type":"BreadcrumbList","@id":"https:\/\/caboel.es\/ca\/avis-legal\/#breadcrumb","itemListElement":[{"@type":"ListItem","position":1,"name":"Portada","item":"https:\/\/caboel.es\/ca\/"},{"@type":"ListItem","position":2,"name":"Av\u00eds legal"}]},{"@type":"WebSite","@id":"https:\/\/caboel.es\/ca\/#website","url":"https:\/\/caboel.es\/ca\/","name":"Caboel","description":"","potentialAction":[{"@type":"SearchAction","target":{"@type":"EntryPoint","urlTemplate":"https:\/\/caboel.es\/ca\/?s={search_term_string}"},"query-input":{"@type":"PropertyValueSpecification","valueRequired":true,"valueName":"search_term_string"}}],"inLanguage":"ca"}]}},"_links":{"self":[{"href":"https:\/\/caboel.es\/ca\/wp-json\/wp\/v2\/pages\/399","targetHints":{"allow":["GET"]}}],"collection":[{"href":"https:\/\/caboel.es\/ca\/wp-json\/wp\/v2\/pages"}],"about":[{"href":"https:\/\/caboel.es\/ca\/wp-json\/wp\/v2\/types\/page"}],"author":[{"embeddable":true,"href":"https:\/\/caboel.es\/ca\/wp-json\/wp\/v2\/users\/6"}],"replies":[{"embeddable":true,"href":"https:\/\/caboel.es\/ca\/wp-json\/wp\/v2\/comments?post=399"}],"version-history":[{"count":2,"href":"https:\/\/caboel.es\/ca\/wp-json\/wp\/v2\/pages\/399\/revisions"}],"predecessor-version":[{"id":496,"href":"https:\/\/caboel.es\/ca\/wp-json\/wp\/v2\/pages\/399\/revisions\/496"}],"wp:attachment":[{"href":"https:\/\/caboel.es\/ca\/wp-json\/wp\/v2\/media?parent=399"}],"curies":[{"name":"wp","href":"https:\/\/api.w.org\/{rel}","templated":true}]}}